{"id":3676,"date":"2020-09-09T07:23:25","date_gmt":"2020-09-09T07:23:25","guid":{"rendered":"https:\/\/festivgames.com\/?product=natural-extracted-olive-oil"},"modified":"2025-11-26T11:24:45","modified_gmt":"2025-11-26T10:24:45","slug":"drink-your-soup","status":"publish","type":"product","link":"https:\/\/festivgames.com\/en\/product\/drink-your-soup\/","title":{"rendered":"DRINK YOUR SOUP"},"content":{"rendered":"<p><img loading=\"lazy\" decoding=\"async\" class=\"aligncenter size-full wp-image-4094\" src=\"https:\/\/festivgames.com\/wp-content\/uploads\/2020\/09\/Drink-your-Soup-what-in-the-box-final.png\" alt=\"\" width=\"1080\" height=\"2779\" srcset=\"https:\/\/festivgames.com\/wp-content\/uploads\/2020\/09\/Drink-your-Soup-what-in-the-box-final.png 1080w, https:\/\/festivgames.com\/wp-content\/uploads\/2020\/09\/Drink-your-Soup-what-in-the-box-final-117x300.png 117w, https:\/\/festivgames.com\/wp-content\/uploads\/2020\/09\/Drink-your-Soup-what-in-the-box-final-398x1024.png 398w, https:\/\/festivgames.com\/wp-content\/uploads\/2020\/09\/Drink-your-Soup-what-in-the-box-final-768x1976.png 768w, https:\/\/festivgames.com\/wp-content\/uploads\/2020\/09\/Drink-your-Soup-what-in-the-box-final-597x1536.png 597w, https:\/\/festivgames.com\/wp-content\/uploads\/2020\/09\/Drink-your-Soup-what-in-the-box-final-796x2048.png 796w, https:\/\/festivgames.com\/wp-content\/uploads\/2020\/09\/Drink-your-Soup-what-in-the-box-final-5x12.png 5w, https:\/\/festivgames.com\/wp-content\/uploads\/2020\/09\/Drink-your-Soup-what-in-the-box-final-600x1544.png 600w\" sizes=\"auto, (max-width: 1080px) 100vw, 1080px\" \/><\/p>\n<p><img loading=\"lazy\" decoding=\"async\" class=\"aligncenter size-full wp-image-4095\" src=\"https:\/\/festivgames.com\/wp-content\/uploads\/2020\/09\/the-ultimate-drinking-game.png\" alt=\"\" width=\"1080\" height=\"1000\" srcset=\"https:\/\/festivgames.com\/wp-content\/uploads\/2020\/09\/the-ultimate-drinking-game.png 1080w, https:\/\/festivgames.com\/wp-content\/uploads\/2020\/09\/the-ultimate-drinking-game-300x278.png 300w, https:\/\/festivgames.com\/wp-content\/uploads\/2020\/09\/the-ultimate-drinking-game-1024x948.png 1024w, https:\/\/festivgames.com\/wp-content\/uploads\/2020\/09\/the-ultimate-drinking-game-768x711.png 768w, https:\/\/festivgames.com\/wp-content\/uploads\/2020\/09\/the-ultimate-drinking-game-13x12.png 13w, https:\/\/festivgames.com\/wp-content\/uploads\/2020\/09\/the-ultimate-drinking-game-600x556.png 600w\" sizes=\"auto, (max-width: 1080px) 100vw, 1080px\" \/><\/p>\n<p>&nbsp;<\/p>\n<p>&nbsp;<\/p>","protected":false},"excerpt":{"rendered":"<p>DRINK YOUR SOUP : The ultimate drinking game Poker-inspired !<\/p>","protected":false},"featured_media":4087,"comment_status":"open","ping_status":"closed","template":"","meta":{"om_disable_all_campaigns":false,"_uag_custom_page_level_css":"","_monsterinsights_skip_tracking":false,"_monsterinsights_sitenote_active":false,"_monsterinsights_sitenote_note":"","_monsterinsights_sitenote_category":0,"site-sidebar-layout":"default","site-content-layout":"default","ast-global-header-display":"","ast-main-header-display":"","ast-hfb-above-header-display":"","ast-hfb-below-header-display":"","ast-hfb-mobile-header-display":"","site-post-title":"","ast-breadcrumbs-content":"","ast-featured-img":"","footer-sml-layout":"","theme-transparent-header-meta":"default","adv-header-id-meta":"","stick-header-meta":"","header-above-stick-meta":"","header-main-stick-meta":"","header-below-stick-meta":""},"product_cat":[26],"product_tag":[],"class_list":["post-3676","product","type-product","status-publish","has-post-thumbnail","hentry","product_cat-drinking-game","desktop-align-center","tablet-align-center","mobile-align-center"],"yoast_head":"<!-- This site is optimized with the Yoast SEO plugin v19.13 - https:\/\/yoast.com\/wordpress\/plugins\/seo\/ -->\n<title>DRINK YOUR SOUP - FestivGames<\/title>\n<meta name=\"description\" content=\"Drink your soup est le jeu \u00e0 boire ultime inspir\u00e9 du poker - Faites en sorte que le Roi de la soupe soit votre alli\u00e9 et m\u00e9fiez-vous du d\u00e9 personnalis\u00e9...\" \/>\n<meta name=\"robots\" content=\"index, follow, max-snippet:-1, max-image-preview:large, max-video-preview:-1\" \/>\n<link rel=\"canonical\" href=\"https:\/\/festivgames.com\/en\/product\/drink-your-soup\/\" \/>\n<meta property=\"og:locale\" content=\"en_US\" \/>\n<meta property=\"og:type\" content=\"article\" \/>\n<meta property=\"og:title\" content=\"DRINK YOUR SOUP - FestivGames\" \/>\n<meta property=\"og:description\" content=\"Drink your soup est le jeu \u00e0 boire ultime inspir\u00e9 du poker - Faites en sorte que le Roi de la soupe soit votre alli\u00e9 et m\u00e9fiez-vous du d\u00e9 personnalis\u00e9...\" \/>\n<meta property=\"og:url\" content=\"https:\/\/festivgames.com\/en\/product\/drink-your-soup\/\" \/>\n<meta property=\"og:site_name\" content=\"FestivGames\" \/>\n<meta property=\"article:publisher\" content=\"https:\/\/www.facebook.com\/drinkyoursoupgame\" \/>\n<meta property=\"article:modified_time\" content=\"2025-11-26T10:24:45+00:00\" \/>\n<meta property=\"og:image\" content=\"https:\/\/festivgames.com\/wp-content\/uploads\/2020\/09\/image-produit-1-1024x1024.png\" \/>\n\t<meta property=\"og:image:width\" content=\"1024\" \/>\n\t<meta property=\"og:image:height\" content=\"1024\" \/>\n\t<meta property=\"og:image:type\" content=\"image\/png\" \/>\n<meta name=\"twitter:card\" content=\"summary_large_image\" \/>\n<meta name=\"twitter:label1\" content=\"Est. reading time\" \/>\n\t<meta name=\"twitter:data1\" content=\"1 minute\" \/>\n<script type=\"application\/ld+json\" class=\"yoast-schema-graph\">{\"@context\":\"https:\/\/schema.org\",\"@graph\":[{\"@type\":\"WebPage\",\"@id\":\"https:\/\/festivgames.com\/produit\/drink-your-soup\/\",\"url\":\"https:\/\/festivgames.com\/produit\/drink-your-soup\/\",\"name\":\"DRINK YOUR SOUP - FestivGames\",\"isPartOf\":{\"@id\":\"https:\/\/festivgames.com\/#website\"},\"datePublished\":\"2020-09-09T07:23:25+00:00\",\"dateModified\":\"2025-11-26T10:24:45+00:00\",\"description\":\"Drink your soup est le jeu \u00e0 boire ultime inspir\u00e9 du poker - Faites en sorte que le Roi de la soupe soit votre alli\u00e9 et m\u00e9fiez-vous du d\u00e9 personnalis\u00e9...\",\"breadcrumb\":{\"@id\":\"https:\/\/festivgames.com\/produit\/drink-your-soup\/#breadcrumb\"},\"inLanguage\":\"en-US\",\"potentialAction\":[{\"@type\":\"ReadAction\",\"target\":[\"https:\/\/festivgames.com\/produit\/drink-your-soup\/\"]}]},{\"@type\":\"BreadcrumbList\",\"@id\":\"https:\/\/festivgames.com\/produit\/drink-your-soup\/#breadcrumb\",\"itemListElement\":[{\"@type\":\"ListItem\",\"position\":1,\"name\":\"Accueil\",\"item\":\"https:\/\/festivgames.com\/\"},{\"@type\":\"ListItem\",\"position\":2,\"name\":\"Boutique\",\"item\":\"https:\/\/festivgames.com\/shop\/\"},{\"@type\":\"ListItem\",\"position\":3,\"name\":\"DRINK YOUR SOUP\"}]},{\"@type\":\"WebSite\",\"@id\":\"https:\/\/festivgames.com\/#website\",\"url\":\"https:\/\/festivgames.com\/\",\"name\":\"FestivGames\",\"description\":\"Drink Your Soup\",\"publisher\":{\"@id\":\"https:\/\/festivgames.com\/#organization\"},\"potentialAction\":[{\"@type\":\"SearchAction\",\"target\":{\"@type\":\"EntryPoint\",\"urlTemplate\":\"https:\/\/festivgames.com\/?s={search_term_string}\"},\"query-input\":\"required name=search_term_string\"}],\"inLanguage\":\"en-US\"},{\"@type\":\"Organization\",\"@id\":\"https:\/\/festivgames.com\/#organization\",\"name\":\"FestivGames\",\"url\":\"https:\/\/festivgames.com\/\",\"logo\":{\"@type\":\"ImageObject\",\"inLanguage\":\"en-US\",\"@id\":\"https:\/\/festivgames.com\/#\/schema\/logo\/image\/\",\"url\":\"https:\/\/festivgames.com\/wp-content\/uploads\/2022\/10\/Festiv-games-final-3.png\",\"contentUrl\":\"https:\/\/festivgames.com\/wp-content\/uploads\/2022\/10\/Festiv-games-final-3.png\",\"width\":491,\"height\":132,\"caption\":\"FestivGames\"},\"image\":{\"@id\":\"https:\/\/festivgames.com\/#\/schema\/logo\/image\/\"},\"sameAs\":[\"https:\/\/www.instagram.com\/drinkyoursoupgame\/\",\"https:\/\/www.facebook.com\/drinkyoursoupgame\"]}]}<\/script>\n<!-- \/ Yoast SEO plugin. -->","yoast_head_json":{"title":"DRINK YOUR SOUP - FestivGames","description":"Drink your soup est le jeu \u00e0 boire ultime inspir\u00e9 du poker - Faites en sorte que le Roi de la soupe soit votre alli\u00e9 et m\u00e9fiez-vous du d\u00e9 personnalis\u00e9...","robots":{"index":"index","follow":"follow","max-snippet":"max-snippet:-1","max-image-preview":"max-image-preview:large","max-video-preview":"max-video-preview:-1"},"canonical":"https:\/\/festivgames.com\/en\/product\/drink-your-soup\/","og_locale":"en_US","og_type":"article","og_title":"DRINK YOUR SOUP - FestivGames","og_description":"Drink your soup est le jeu \u00e0 boire ultime inspir\u00e9 du poker - Faites en sorte que le Roi de la soupe soit votre alli\u00e9 et m\u00e9fiez-vous du d\u00e9 personnalis\u00e9...","og_url":"https:\/\/festivgames.com\/en\/product\/drink-your-soup\/","og_site_name":"FestivGames","article_publisher":"https:\/\/www.facebook.com\/drinkyoursoupgame","article_modified_time":"2025-11-26T10:24:45+00:00","og_image":[{"width":1024,"height":1024,"url":"https:\/\/festivgames.com\/wp-content\/uploads\/2020\/09\/image-produit-1-1024x1024.png","type":"image\/png"}],"twitter_card":"summary_large_image","twitter_misc":{"Est. reading time":"1 minute"},"schema":{"@context":"https:\/\/schema.org","@graph":[{"@type":"WebPage","@id":"https:\/\/festivgames.com\/produit\/drink-your-soup\/","url":"https:\/\/festivgames.com\/produit\/drink-your-soup\/","name":"DRINK YOUR SOUP - FestivGames","isPartOf":{"@id":"https:\/\/festivgames.com\/#website"},"datePublished":"2020-09-09T07:23:25+00:00","dateModified":"2025-11-26T10:24:45+00:00","description":"Drink your soup est le jeu \u00e0 boire ultime inspir\u00e9 du poker - Faites en sorte que le Roi de la soupe soit votre alli\u00e9 et m\u00e9fiez-vous du d\u00e9 personnalis\u00e9...","breadcrumb":{"@id":"https:\/\/festivgames.com\/produit\/drink-your-soup\/#breadcrumb"},"inLanguage":"en-US","potentialAction":[{"@type":"ReadAction","target":["https:\/\/festivgames.com\/produit\/drink-your-soup\/"]}]},{"@type":"BreadcrumbList","@id":"https:\/\/festivgames.com\/produit\/drink-your-soup\/#breadcrumb","itemListElement":[{"@type":"ListItem","position":1,"name":"Accueil","item":"https:\/\/festivgames.com\/"},{"@type":"ListItem","position":2,"name":"Boutique","item":"https:\/\/festivgames.com\/shop\/"},{"@type":"ListItem","position":3,"name":"DRINK YOUR SOUP"}]},{"@type":"WebSite","@id":"https:\/\/festivgames.com\/#website","url":"https:\/\/festivgames.com\/","name":"FestivGames","description":"Drink Your Soup","publisher":{"@id":"https:\/\/festivgames.com\/#organization"},"potentialAction":[{"@type":"SearchAction","target":{"@type":"EntryPoint","urlTemplate":"https:\/\/festivgames.com\/?s={search_term_string}"},"query-input":"required name=search_term_string"}],"inLanguage":"en-US"},{"@type":"Organization","@id":"https:\/\/festivgames.com\/#organization","name":"FestivGames","url":"https:\/\/festivgames.com\/","logo":{"@type":"ImageObject","inLanguage":"en-US","@id":"https:\/\/festivgames.com\/#\/schema\/logo\/image\/","url":"https:\/\/festivgames.com\/wp-content\/uploads\/2022\/10\/Festiv-games-final-3.png","contentUrl":"https:\/\/festivgames.com\/wp-content\/uploads\/2022\/10\/Festiv-games-final-3.png","width":491,"height":132,"caption":"FestivGames"},"image":{"@id":"https:\/\/festivgames.com\/#\/schema\/logo\/image\/"},"sameAs":["https:\/\/www.instagram.com\/drinkyoursoupgame\/","https:\/\/www.facebook.com\/drinkyoursoupgame"]}]}},"uagb_featured_image_src":{"full":["https:\/\/festivgames.com\/wp-content\/uploads\/2020\/09\/image-produit-1.png",2160,2160,false],"thumbnail":["https:\/\/festivgames.com\/wp-content\/uploads\/2020\/09\/image-produit-1-150x150.png",150,150,true],"medium":["https:\/\/festivgames.com\/wp-content\/uploads\/2020\/09\/image-produit-1-300x300.png",300,300,true],"medium_large":["https:\/\/festivgames.com\/wp-content\/uploads\/2020\/09\/image-produit-1-768x768.png",768,768,true],"large":["https:\/\/festivgames.com\/wp-content\/uploads\/2020\/09\/image-produit-1-1024x1024.png",1024,1024,true],"1536x1536":["https:\/\/festivgames.com\/wp-content\/uploads\/2020\/09\/image-produit-1-1536x1536.png",1536,1536,true],"2048x2048":["https:\/\/festivgames.com\/wp-content\/uploads\/2020\/09\/image-produit-1-2048x2048.png",2048,2048,true],"trp-custom-language-flag":["https:\/\/festivgames.com\/wp-content\/uploads\/2020\/09\/image-produit-1-12x12.png",12,12,true],"woocommerce_thumbnail":["https:\/\/festivgames.com\/wp-content\/uploads\/2020\/09\/image-produit-1-300x300.png",300,300,true],"woocommerce_single":["https:\/\/festivgames.com\/wp-content\/uploads\/2020\/09\/image-produit-1-600x600.png",600,600,true],"woocommerce_gallery_thumbnail":["https:\/\/festivgames.com\/wp-content\/uploads\/2020\/09\/image-produit-1-100x100.png",100,100,true]},"uagb_author_info":{"display_name":"Cl\u00e9ment GASPARD","author_link":"https:\/\/festivgames.com\/en\/author\/"},"uagb_comment_info":22,"uagb_excerpt":"DRINK YOUR SOUP : Le jeu \u00e0 boire ultime inspir\u00e9 du poker !","_links":{"self":[{"href":"https:\/\/festivgames.com\/en\/wp-json\/wp\/v2\/product\/3676","targetHints":{"allow":["GET"]}}],"collection":[{"href":"https:\/\/festivgames.com\/en\/wp-json\/wp\/v2\/product"}],"about":[{"href":"https:\/\/festivgames.com\/en\/wp-json\/wp\/v2\/types\/product"}],"replies":[{"embeddable":true,"href":"https:\/\/festivgames.com\/en\/wp-json\/wp\/v2\/comments?post=3676"}],"wp:featuredmedia":[{"embeddable":true,"href":"https:\/\/festivgames.com\/en\/wp-json\/wp\/v2\/media\/4087"}],"wp:attachment":[{"href":"https:\/\/festivgames.com\/en\/wp-json\/wp\/v2\/media?parent=3676"}],"wp:term":[{"taxonomy":"product_cat","embeddable":true,"href":"https:\/\/festivgames.com\/en\/wp-json\/wp\/v2\/product_cat?post=3676"},{"taxonomy":"product_tag","embeddable":true,"href":"https:\/\/festivgames.com\/en\/wp-json\/wp\/v2\/product_tag?post=3676"}],"curies":[{"name":"wp","href":"https:\/\/api.w.org\/{rel}","templated":true}]}}