{"id":4134,"date":"2022-11-26T21:24:39","date_gmt":"2022-11-26T20:24:39","guid":{"rendered":"https:\/\/festivgames.com\/?page_id=4134"},"modified":"2022-11-26T21:24:40","modified_gmt":"2022-11-26T20:24:40","slug":"politique-de-confidentialite","status":"publish","type":"page","link":"https:\/\/festivgames.com\/en\/politique-de-confidentialite\/","title":{"rendered":"Privacy Policy"},"content":{"rendered":"<p><strong>Article 1 : Legal notices<\/strong><\/p>\n\n\n\n<p>THIBAULT GRIFFON<br>SIRET :\u00a0911 519 924 00011<br>45 avenue Jean Capdeboscq<br>33560 Carbon Blanc<br>Email adress : contact at festivgames.com<\/p>\n\n\n\n<p><strong>Article 2 : Accommodation<\/strong><\/p>\n\n\n\n<p>OVH &#8211; 2 rue Kellermann BP 80157 59053 ROUBAIX CEDEX 1 &#8211; France<\/p>\n\n\n\n<p>&#8211; RCS LILLE METROPOLE 424 761 419 00045.<\/p>\n\n\n\n<p><strong>Article 3 : Access to the site<\/strong><\/p>\n\n\n\n<p>Access to the site and its use are reserved for strictly personal use. You agree not to use this site and the information or data contained therein for commercial, political, advertising purposes and for any form of commercial solicitation and in particular the sending of unsolicited e-mails.<\/p>\n\n\n\n<p><strong>Article 4 : Content of the site<\/strong><\/p>\n\n\n\n<p>All trademarks, photographs, texts, comments, illustrations, animated or not images, video sequences, sounds, as well as all computer applications that could be used to operate this site and more generally all elements reproduced or used on the site are protected by the laws in force under intellectual property. They are the full and entire property of the publisher or its partners. Any reproduction, representation, use or adaptation, in any form whatsoever, of all or part of these elements, including computer applications, without the prior written consent of the publisher, is strictly prohibited. The fact that the publisher does not initiate proceedings upon becoming aware of these unauthorized uses does not constitute acceptance of said uses and waiver of prosecution.<\/p>\n\n\n\n<p><strong>Article 5 : Site management<\/strong><\/p>\n\n\n\n<p>For the proper management of the site, the publisher may at any time:<\/p>\n\n\n\n<p>\u2022\tsuspend, interrupt or limit access to all or part of the site, reserve access to the site, or to certain parts of the site, to a specific category of Internet users;<\/p>\n\n\n\n<p>-delete any information that could disrupt its operation or contravene national or international laws;<\/p>\n\n\n\n<p>-suspend the site to carry out updates.<\/p>\n\n\n\n<p><strong>Article 6 : Liability<\/strong><\/p>\n\n\n\n<p>The responsibility of the publisher cannot be engaged in the event of failure, breakdown, difficulty or interruption of operation, preventing access to the site or to one of its functionalities. The site connection equipment you use is your sole responsibility. You must take all appropriate measures to protect your equipment and your own data, particularly from viral attacks via the Internet. You are also solely responsible for the sites and data that you consult.<\/p>\n\n\n\n<p>The publisher cannot be held responsible in the event of legal proceedings against you:<\/p>\n\n\n\n<p>\u2022\tdue to the use of the site or any service accessible via the Internet;<\/p>\n\n\n\n<p>\u2022\tdue to your non-compliance with these general terms and conditions.<\/p>\n\n\n\n<p>The publisher is not responsible for any damage caused to you, to third parties and\/or to your equipment because of your connection or your use of the site and you renounce any action against him as a result. If the publisher were to be the subject of an amicable or legal procedure because of your use of the site, it may turn against you to obtain compensation for all damages, sums, convictions and costs that may arise from this procedure.<\/p>\n\n\n\n<p><strong>Article 7 : Hypertext links<\/strong><\/p>\n\n\n\n<p>The establishment by users of any hypertext links to all or part of the site is strictly prohibited, except with the prior written authorization of the publisher. The publisher is free to refuse this authorization without having to justify his decision in any way whatsoever. If the publisher grants his authorisation, this is in any case only temporary and may be withdrawn at any time, without obligation of justification at the publisher's expense. Any information accessible by a link to other sites is not published by the publisher. The publisher has no rights to the content present in the link.<\/p>\n\n\n\n<p><strong>Article 8 : Data collection and protection<\/strong><\/p>\n\n\n\n<p>Your data is collected by the Festiv Games website. Personal data means any information relating to an identified or identifiable natural person (data subject); is deemed to be identifiable a person who can be identified, directly or indirectly, by reference to a name, an identification number or to one or more specific elements, specific to his physical, physiological, genetic, psychic, economic, cultural or social. The personal information that may be collected on the site is mainly used by the publisher for the management of relations with you, and if necessary for the processing of your orders.<\/p>\n\n\n\n<p>The personal data collected is as follows :<\/p>\n\n\n\n<p>\u2022\tfull name<\/p>\n\n\n\n<p>\u2022\taddress<\/p>\n\n\n\n<p>\u2022\tmail address<\/p>\n\n\n\n<p>\u2022\tphone number<\/p>\n\n\n\n<p>\u2022\tDate of Birth<\/p>\n\n\n\n<p>\u2022\tfinancial data: as part of the payment for products and services offered on the Platform, the Platform records financial data relating to the user's credit card.<\/p>\n\n\n\n<p><strong>Article 9 : right of access, rectification and delisting of your data<\/strong><\/p>\n\n\n\n<p>In application of the regulations applicable to personal data, users have the following rights:<\/p>\n\n\n\n<p>\u2022\tthe right of access: they can exercise their right of access, to know the personal data concerning them, by writing to the electronic address mentioned below. In this case, before the implementation of this right, the Platform may request proof of the user's identity to verify its accuracy;<\/p>\n\n\n\n<p>\u2022\tthe right of rectification: if the personal data held by the Platform is inaccurate, they can request that the information be updated;<\/p>\n\n\n\n<p>\u2022\tthe right to delete data: users can request the deletion of their personal data, in accordance with applicable data protection laws;<\/p>\n\n\n\n<p>\u2022\tthe right to limit processing: users can ask the Platform to limit the processing of personal data in accordance with the assumptions provided for by the GDPR; the right to object to the processing of data: users can object to their data being processed in accordance with the assumptions provided for by the GDPR; the right to portability: they can request that the Platform give them the personal data they have provided to transmit them to a new Platform.<\/p>\n\n\n\n<p>You can exercise this right by contacting us at the following address: 45 avenue Jean Capdeboscq<br>33560 Carbon Blanc<\/p>\n\n\n\n<p>Or by email, at : contact at festivgames.com<\/p>\n\n\n\n<p>All requests must be accompanied by a photocopy of a valid, signed identity document and mention the address at which the publisher can contact the applicant. The response will be sent within one month of receipt of the request.<\/p>\n\n\n\n<p>number of requests so requires. In addition, and since Law No. 2016-1321 of October 7, 2016, people have the possibility of organizing the fate of their data after their death. For more information on the subject, you can consult the CNIL website: https:\/\/www.cnil.fr\/. Users can also file a complaint with the CNIL on the CNIL website: https:\/\/www.cnil.fr. We recommend that you contact us first before filing a complaint with the CNIL, as we are at your entire disposal to resolve your problem.<\/p>\n\n\n\n<p><strong>Article 10 : Use of data<\/strong><\/p>\n\n\n\n<p>The personal data collected from users is intended to provide the services of the Platform, to improve them and to maintain a secure environment. The legal basis of the processing is the execution of the contract between the user and the Platform.<\/p>\n\n\n\n<p>Specifically, here are the uses :<\/p>\n\n\n\n<p>\u2022\taccess and use of the Platform by the user;<\/p>\n\n\n\n<p>\u2022\tmanagement of the operation and optimization of the Platform;<\/p>\n\n\n\n<p>\u2022\timplementation of user assistance;<\/p>\n\n\n\n<p>\u2022\tverification, identification and authentication of the data transmitted by the user;<\/p>\n\n\n\n<p>\u2022\tpersonalization of services by displaying advertisements based on the user's browsing history, according to their preferences;<\/p>\n\n\n\n<p>\u2022\tprevention and detection of fraud, malware (malicious software) and management of security incidents;<\/p>\n\n\n\n<p>\u2022\tmanagement of any disputes with users;<\/p>\n\n\n\n<p>\u2022\tsending commercial and advertising information, based on user preferences;<\/p>\n\n\n\n<p>\u2022\torganization of the conditions of use of the Payment Services.<\/p>\n\n\n\n<p><strong>Article 11 : Data retention policy<\/strong><\/p>\n\n\n\n<p>The Platform keeps your data for the duration necessary to provide you with its services or assistance.<\/p>\n\n\n\n<p>To the extent reasonably necessary or required to meet legal or regulatory obligations, resolve disputes, prevent fraud and abuse, or enforce our terms and conditions, we may also retain some of your information as necessary, even after you have closed your account or that we no longer need to provide our services to you.<\/p>\n\n\n\n<p><strong>Article 12 : Sharing of personal data with a third party<\/strong><\/p>\n\n\n\n<p>Personal data may be shared with third-party companies exclusively in the European Union, in the following cases:<\/p>\n\n\n\n<p>\u2022\twhen the user uses the payment services, for the implementation of these services, the Platform is in contact with third-party banking and financial companies with which it has entered into contracts;<\/p>\n\n\n\n<p>\u2022\twhen the user publishes, in the free comment areas of the Platform, information accessible to the public;<\/p>\n\n\n\n<p>\u2022\twhen the user authorizes the website of a third party to access his\/her data;<\/p>\n\n\n\n<p>\u2022\twhen the Platform uses the services of service providers to provide user assistance, advertising and payment services.<\/p>\n\n\n\n<p>These service providers have limited access to user data, in the context of the performance of these services, and have the contractual obligation to use them in accordance with the provisions of the applicable personal data protection regulations;<\/p>\n\n\n\n<p>-if required by law, the Platform may transmit data to respond to claims made against the Platform and to comply with administrative and legal procedures.<\/p>\n\n\n\n<p><strong>Article 13 : Cookies<\/strong><\/p>\n\n\n\n<p>What is a \u201ccookie\u201d?<\/p>\n\n\n\n<p>A \"Cookie\" or tracer is an electronic file placed on a terminal (computer, tablet, smartphone, etc.) and read, for example, when consulting a website, reading an e-mail, installing or the use of software or a mobile application, regardless of the type of terminal used (source: https:\/\/www.cnil.fr\/fr\/cookies-traceurs-que-dit-la-loi).<\/p>\n\n\n\n<p>The site may automatically collect standard information.<\/p>\n\n\n\n<p>Any information collected indirectly will only be used to track the volume, type and pattern of traffic using this site, to develop its design and layout and for other administrative and planning purposes and more generally to improve the service we provide to you. If necessary, \"cookies\" from the site editor and\/or third-party companies may be placed on your device, with your consent. In this case, during the first navigation on this site, an explanatory banner on the use of \"cookies\" will appear.<\/p>\n\n\n\n<p>Before continuing to browse, the client and\/or prospect must accept or refuse the use of said \u201ccookies\u201d.<\/p>\n\n\n\n<p>Before continuing to browse, the client and\/or prospect must accept or refuse the use of said \u201ccookies\u201d.<\/p>\n\n\n\n<p>The following cookies are present on this site :<\/p>\n\n\n\n<p>Cookies Google :<\/p>\n\n\n\n<p>-Google Analytics : allows you to measure the site's audience;<\/p>\n\n\n\n<p>- Google tag manager : facilitates the implementation of tags on pages and allows you to manage Google tags;<\/p>\n\n\n\n<p>The lifespan of these cookies is thirteen months.<\/p>\n\n\n\n<p><strong>Article 14 : Photographs and representation of products<\/strong><\/p>\n\n\n\n<p>The photographs of products, accompanying their description, are not contractual and do not bind the publisher.<\/p>\n\n\n\n<p><strong>Article 15 : Applicable law<\/strong><\/p>\n\n\n\n<p>These conditions of use of the site are governed by French law and subject to the jurisdiction of the courts of the publisher's registered office, subject to a specific attribution of jurisdiction resulting from a particular law or regulation.<\/p>\n\n\n\n<p><strong>Article 16 : contact us<\/strong><\/p>\n\n\n\n<p>For any question, information on the products presented on the site, or concerning the site itself, you can leave a message at the following address : contact at festivgames.com<\/p>","protected":false},"excerpt":{"rendered":"<p>Article 1 : Mentions l\u00e9gales THIBAULT GRIFFONSIRET :\u00a0911 519 924 0001145 avenue Jean Capdeboscq33560 Carbon Blancadresse mail : contact at festivgames.com Article 2 : H\u00e9bergement OVH &#8211; 2 rue Kellermann BP 80157 59053 ROUBAIX CEDEX 1 &#8211; France &#8211; RCS LILLE METROPOLE 424 761 419 00045. Article 3 : Acc\u00e8s au site L&rsquo;acc\u00e8s au site &hellip;<\/p>\n<p class=\"read-more\"> <a class=\"\" href=\"https:\/\/festivgames.com\/en\/politique-de-confidentialite\/\"> <span class=\"screen-reader-text\">Privacy Policy<\/span> Read More &raquo;<\/a><\/p>","protected":false},"author":2,"featured_media":0,"parent":0,"menu_order":0,"comment_status":"closed","ping_status":"closed","template":"","meta":{"om_disable_all_campaigns":false,"_uag_custom_page_level_css":"","_monsterinsights_skip_tracking":false,"_monsterinsights_sitenote_active":false,"_monsterinsights_sitenote_note":"","_monsterinsights_sitenote_category":0,"site-sidebar-layout":"default","site-content-layout":"default","ast-global-header-display":"","ast-main-header-display":"","ast-hfb-above-header-display":"","ast-hfb-below-header-display":"","ast-hfb-mobile-header-display":"","site-post-title":"","ast-breadcrumbs-content":"","ast-featured-img":"","footer-sml-layout":"","theme-transparent-header-meta":"","adv-header-id-meta":"","stick-header-meta":"","header-above-stick-meta":"","header-main-stick-meta":"","header-below-stick-meta":"","footnotes":""},"class_list":["post-4134","page","type-page","status-publish","hentry"],"yoast_head":"<!-- This site is optimized with the Yoast SEO plugin v19.13 - https:\/\/yoast.com\/wordpress\/plugins\/seo\/ -->\n<title>Politique de confidentialit\u00e9 - FestivGames<\/title>\n<meta name=\"robots\" content=\"index, follow, max-snippet:-1, max-image-preview:large, max-video-preview:-1\" \/>\n<link rel=\"canonical\" href=\"https:\/\/festivgames.com\/en\/politique-de-confidentialite\/\" \/>\n<meta property=\"og:locale\" content=\"en_US\" \/>\n<meta property=\"og:type\" content=\"article\" \/>\n<meta property=\"og:title\" content=\"Politique de confidentialit\u00e9 - FestivGames\" \/>\n<meta property=\"og:description\" content=\"Article 1 : Mentions l\u00e9gales THIBAULT GRIFFONSIRET :\u00a0911 519 924 0001145 avenue Jean Capdeboscq33560 Carbon Blancadresse mail : contact at festivgames.com Article 2 : H\u00e9bergement OVH &#8211; 2 rue Kellermann BP 80157 59053 ROUBAIX CEDEX 1 &#8211; France &#8211; RCS LILLE METROPOLE 424 761 419 00045. Article 3 : Acc\u00e8s au site L&rsquo;acc\u00e8s au site &hellip; Politique de confidentialit\u00e9 Read More &raquo;\" \/>\n<meta property=\"og:url\" content=\"https:\/\/festivgames.com\/en\/politique-de-confidentialite\/\" \/>\n<meta property=\"og:site_name\" content=\"FestivGames\" \/>\n<meta property=\"article:publisher\" content=\"https:\/\/www.facebook.com\/drinkyoursoupgame\" \/>\n<meta property=\"article:modified_time\" content=\"2022-11-26T20:24:40+00:00\" \/>\n<meta name=\"twitter:card\" content=\"summary_large_image\" \/>\n<meta name=\"twitter:label1\" content=\"Est. reading time\" \/>\n\t<meta name=\"twitter:data1\" content=\"11 minutes\" \/>\n<script type=\"application\/ld+json\" class=\"yoast-schema-graph\">{\"@context\":\"https:\/\/schema.org\",\"@graph\":[{\"@type\":\"WebPage\",\"@id\":\"https:\/\/festivgames.com\/en\/politique-de-confidentialite\/\",\"url\":\"https:\/\/festivgames.com\/en\/politique-de-confidentialite\/\",\"name\":\"Politique de confidentialit\u00e9 - FestivGames\",\"isPartOf\":{\"@id\":\"https:\/\/festivgames.com\/#website\"},\"datePublished\":\"2022-11-26T20:24:39+00:00\",\"dateModified\":\"2022-11-26T20:24:40+00:00\",\"breadcrumb\":{\"@id\":\"https:\/\/festivgames.com\/en\/politique-de-confidentialite\/#breadcrumb\"},\"inLanguage\":\"en-US\",\"potentialAction\":[{\"@type\":\"ReadAction\",\"target\":[\"https:\/\/festivgames.com\/en\/politique-de-confidentialite\/\"]}]},{\"@type\":\"BreadcrumbList\",\"@id\":\"https:\/\/festivgames.com\/en\/politique-de-confidentialite\/#breadcrumb\",\"itemListElement\":[{\"@type\":\"ListItem\",\"position\":1,\"name\":\"Accueil\",\"item\":\"https:\/\/festivgames.com\/\"},{\"@type\":\"ListItem\",\"position\":2,\"name\":\"Politique de confidentialit\u00e9\"}]},{\"@type\":\"WebSite\",\"@id\":\"https:\/\/festivgames.com\/#website\",\"url\":\"https:\/\/festivgames.com\/\",\"name\":\"FestivGames\",\"description\":\"Drink Your Soup\",\"publisher\":{\"@id\":\"https:\/\/festivgames.com\/#organization\"},\"potentialAction\":[{\"@type\":\"SearchAction\",\"target\":{\"@type\":\"EntryPoint\",\"urlTemplate\":\"https:\/\/festivgames.com\/?s={search_term_string}\"},\"query-input\":\"required name=search_term_string\"}],\"inLanguage\":\"en-US\"},{\"@type\":\"Organization\",\"@id\":\"https:\/\/festivgames.com\/#organization\",\"name\":\"FestivGames\",\"url\":\"https:\/\/festivgames.com\/\",\"logo\":{\"@type\":\"ImageObject\",\"inLanguage\":\"en-US\",\"@id\":\"https:\/\/festivgames.com\/#\/schema\/logo\/image\/\",\"url\":\"https:\/\/festivgames.com\/wp-content\/uploads\/2022\/10\/Festiv-games-final-3.png\",\"contentUrl\":\"https:\/\/festivgames.com\/wp-content\/uploads\/2022\/10\/Festiv-games-final-3.png\",\"width\":491,\"height\":132,\"caption\":\"FestivGames\"},\"image\":{\"@id\":\"https:\/\/festivgames.com\/#\/schema\/logo\/image\/\"},\"sameAs\":[\"https:\/\/www.instagram.com\/drinkyoursoupgame\/\",\"https:\/\/www.facebook.com\/drinkyoursoupgame\"]}]}<\/script>\n<!-- \/ Yoast SEO plugin. -->","yoast_head_json":{"title":"Politique de confidentialit\u00e9 - FestivGames","robots":{"index":"index","follow":"follow","max-snippet":"max-snippet:-1","max-image-preview":"max-image-preview:large","max-video-preview":"max-video-preview:-1"},"canonical":"https:\/\/festivgames.com\/en\/politique-de-confidentialite\/","og_locale":"en_US","og_type":"article","og_title":"Politique de confidentialit\u00e9 - FestivGames","og_description":"Article 1 : Mentions l\u00e9gales THIBAULT GRIFFONSIRET :\u00a0911 519 924 0001145 avenue Jean Capdeboscq33560 Carbon Blancadresse mail : contact at festivgames.com Article 2 : H\u00e9bergement OVH &#8211; 2 rue Kellermann BP 80157 59053 ROUBAIX CEDEX 1 &#8211; France &#8211; RCS LILLE METROPOLE 424 761 419 00045. Article 3 : Acc\u00e8s au site L&rsquo;acc\u00e8s au site &hellip; Politique de confidentialit\u00e9 Read More &raquo;","og_url":"https:\/\/festivgames.com\/en\/politique-de-confidentialite\/","og_site_name":"FestivGames","article_publisher":"https:\/\/www.facebook.com\/drinkyoursoupgame","article_modified_time":"2022-11-26T20:24:40+00:00","twitter_card":"summary_large_image","twitter_misc":{"Est. reading time":"11 minutes"},"schema":{"@context":"https:\/\/schema.org","@graph":[{"@type":"WebPage","@id":"https:\/\/festivgames.com\/en\/politique-de-confidentialite\/","url":"https:\/\/festivgames.com\/en\/politique-de-confidentialite\/","name":"Politique de confidentialit\u00e9 - FestivGames","isPartOf":{"@id":"https:\/\/festivgames.com\/#website"},"datePublished":"2022-11-26T20:24:39+00:00","dateModified":"2022-11-26T20:24:40+00:00","breadcrumb":{"@id":"https:\/\/festivgames.com\/en\/politique-de-confidentialite\/#breadcrumb"},"inLanguage":"en-US","potentialAction":[{"@type":"ReadAction","target":["https:\/\/festivgames.com\/en\/politique-de-confidentialite\/"]}]},{"@type":"BreadcrumbList","@id":"https:\/\/festivgames.com\/en\/politique-de-confidentialite\/#breadcrumb","itemListElement":[{"@type":"ListItem","position":1,"name":"Accueil","item":"https:\/\/festivgames.com\/"},{"@type":"ListItem","position":2,"name":"Politique de confidentialit\u00e9"}]},{"@type":"WebSite","@id":"https:\/\/festivgames.com\/#website","url":"https:\/\/festivgames.com\/","name":"FestivGames","description":"Drink Your Soup","publisher":{"@id":"https:\/\/festivgames.com\/#organization"},"potentialAction":[{"@type":"SearchAction","target":{"@type":"EntryPoint","urlTemplate":"https:\/\/festivgames.com\/?s={search_term_string}"},"query-input":"required name=search_term_string"}],"inLanguage":"en-US"},{"@type":"Organization","@id":"https:\/\/festivgames.com\/#organization","name":"FestivGames","url":"https:\/\/festivgames.com\/","logo":{"@type":"ImageObject","inLanguage":"en-US","@id":"https:\/\/festivgames.com\/#\/schema\/logo\/image\/","url":"https:\/\/festivgames.com\/wp-content\/uploads\/2022\/10\/Festiv-games-final-3.png","contentUrl":"https:\/\/festivgames.com\/wp-content\/uploads\/2022\/10\/Festiv-games-final-3.png","width":491,"height":132,"caption":"FestivGames"},"image":{"@id":"https:\/\/festivgames.com\/#\/schema\/logo\/image\/"},"sameAs":["https:\/\/www.instagram.com\/drinkyoursoupgame\/","https:\/\/www.facebook.com\/drinkyoursoupgame"]}]}},"uagb_featured_image_src":{"full":false,"thumbnail":false,"medium":false,"medium_large":false,"large":false,"1536x1536":false,"2048x2048":false,"trp-custom-language-flag":false,"woocommerce_thumbnail":false,"woocommerce_single":false,"woocommerce_gallery_thumbnail":false},"uagb_author_info":{"display_name":"Cl\u00e9ment GASPARD","author_link":"https:\/\/festivgames.com\/en\/author\/clement-gaspard\/"},"uagb_comment_info":0,"uagb_excerpt":"Article 1 : Mentions l\u00e9gales THIBAULT GRIFFONSIRET :\u00a0911 519 924 0001145 avenue Jean Capdeboscq33560 Carbon Blancadresse mail : contact at festivgames.com Article 2 : H\u00e9bergement OVH &#8211; 2 rue Kellermann BP 80157 59053 ROUBAIX CEDEX 1 &#8211; France &#8211; RCS LILLE METROPOLE 424 761 419 00045. Article 3 : Acc\u00e8s au site L&rsquo;acc\u00e8s au site&hellip;","_links":{"self":[{"href":"https:\/\/festivgames.com\/en\/wp-json\/wp\/v2\/pages\/4134","targetHints":{"allow":["GET"]}}],"collection":[{"href":"https:\/\/festivgames.com\/en\/wp-json\/wp\/v2\/pages"}],"about":[{"href":"https:\/\/festivgames.com\/en\/wp-json\/wp\/v2\/types\/page"}],"author":[{"embeddable":true,"href":"https:\/\/festivgames.com\/en\/wp-json\/wp\/v2\/users\/2"}],"replies":[{"embeddable":true,"href":"https:\/\/festivgames.com\/en\/wp-json\/wp\/v2\/comments?post=4134"}],"version-history":[{"count":2,"href":"https:\/\/festivgames.com\/en\/wp-json\/wp\/v2\/pages\/4134\/revisions"}],"predecessor-version":[{"id":4138,"href":"https:\/\/festivgames.com\/en\/wp-json\/wp\/v2\/pages\/4134\/revisions\/4138"}],"wp:attachment":[{"href":"https:\/\/festivgames.com\/en\/wp-json\/wp\/v2\/media?parent=4134"}],"curies":[{"name":"wp","href":"https:\/\/api.w.org\/{rel}","templated":true}]}}