{"id":3610,"date":"2020-09-09T04:31:26","date_gmt":"2020-09-09T02:31:26","guid":{"rendered":"https:\/\/festivgames.com\/?page_id=3610"},"modified":"2024-08-31T23:08:47","modified_gmt":"2024-08-31T21:08:47","slug":"home","status":"publish","type":"page","link":"https:\/\/festivgames.com\/en\/","title":{"rendered":"Home"},"content":{"rendered":"<div class=\"wp-block-cover alignfull is-light is-position-center-center uag-hide-mob\" style=\"min-height:750px;aspect-ratio:unset;\"><span aria-hidden=\"true\" class=\"wp-block-cover__background has-ast-global-color-4-background-color has-background-dim-0 has-background-dim\"><\/span><img loading=\"lazy\" decoding=\"async\" width=\"2048\" height=\"750\" class=\"wp-block-cover__image-background wp-image-4012\" alt=\"Drink Your Soup - Contenu du jeu\" src=\"https:\/\/festivgames.com\/wp-content\/uploads\/2022\/10\/COVER-DRINK-your-soup-pc.jpg\" data-object-fit=\"cover\" srcset=\"https:\/\/festivgames.com\/wp-content\/uploads\/2022\/10\/COVER-DRINK-your-soup-pc.jpg 2048w, https:\/\/festivgames.com\/wp-content\/uploads\/2022\/10\/COVER-DRINK-your-soup-pc-300x110.jpg 300w, https:\/\/festivgames.com\/wp-content\/uploads\/2022\/10\/COVER-DRINK-your-soup-pc-1024x375.jpg 1024w, https:\/\/festivgames.com\/wp-content\/uploads\/2022\/10\/COVER-DRINK-your-soup-pc-768x281.jpg 768w, https:\/\/festivgames.com\/wp-content\/uploads\/2022\/10\/COVER-DRINK-your-soup-pc-1536x563.jpg 1536w, https:\/\/festivgames.com\/wp-content\/uploads\/2022\/10\/COVER-DRINK-your-soup-pc-18x7.jpg 18w, https:\/\/festivgames.com\/wp-content\/uploads\/2022\/10\/COVER-DRINK-your-soup-pc-600x220.jpg 600w\" sizes=\"auto, (max-width: 2048px) 100vw, 2048px\" \/><div class=\"wp-block-cover__inner-container is-layout-flow wp-block-cover-is-layout-flow\">\n<p class=\"has-text-align-center has-large-font-size\"><\/p>\n<\/div><\/div>\n\n\n\n<div class=\"wp-block-cover alignfull is-light is-position-center-center uag-hide-desktop uag-hide-tab\" style=\"min-height:250px;aspect-ratio:unset;\"><span aria-hidden=\"true\" class=\"wp-block-cover__background has-ast-global-color-4-background-color has-background-dim-0 has-background-dim\"><\/span><img loading=\"lazy\" decoding=\"async\" width=\"2731\" height=\"1000\" class=\"wp-block-cover__image-background wp-image-4021\" alt=\"Drink Your Soup - Contenu du jeu\" src=\"https:\/\/festivgames.com\/wp-content\/uploads\/2022\/10\/COVER-DRINK-your-soup-1.png\" style=\"object-position:50% 49%\" data-object-fit=\"cover\" data-object-position=\"50% 49%\" srcset=\"https:\/\/festivgames.com\/wp-content\/uploads\/2022\/10\/COVER-DRINK-your-soup-1.png 2731w, https:\/\/festivgames.com\/wp-content\/uploads\/2022\/10\/COVER-DRINK-your-soup-1-300x110.png 300w, https:\/\/festivgames.com\/wp-content\/uploads\/2022\/10\/COVER-DRINK-your-soup-1-1024x375.png 1024w, https:\/\/festivgames.com\/wp-content\/uploads\/2022\/10\/COVER-DRINK-your-soup-1-768x281.png 768w, https:\/\/festivgames.com\/wp-content\/uploads\/2022\/10\/COVER-DRINK-your-soup-1-1536x562.png 1536w, https:\/\/festivgames.com\/wp-content\/uploads\/2022\/10\/COVER-DRINK-your-soup-1-2048x750.png 2048w, https:\/\/festivgames.com\/wp-content\/uploads\/2022\/10\/COVER-DRINK-your-soup-1-18x7.png 18w, https:\/\/festivgames.com\/wp-content\/uploads\/2022\/10\/COVER-DRINK-your-soup-1-600x220.png 600w\" sizes=\"auto, (max-width: 2731px) 100vw, 2731px\" \/><div class=\"wp-block-cover__inner-container is-layout-flow wp-block-cover-is-layout-flow\">\n<p class=\"has-text-align-center has-large-font-size\"><\/p>\n<\/div><\/div>\n\n\n\n<div class=\"wp-block-uagb-container uagb-block-187d2e62 alignfull uagb-is-root-container\"><div class=\"uagb-container-inner-blocks-wrap\"><\/div><\/div>\n\n\n\n<figure class=\"wp-block-embed is-type-video is-provider-youtube wp-block-embed-youtube wp-embed-aspect-16-9 wp-has-aspect-ratio\"><div class=\"wp-block-embed__wrapper\">\n<div class=\"ast-oembed-container\" style=\"height: 100%;\"><iframe loading=\"lazy\" title=\"THE ULTIMATE DRINKING GAME | POKER INSPIRED \ud83d\ude1c DRINK YOUR SOUP\" width=\"500\" height=\"281\" src=\"https:\/\/www.youtube.com\/embed\/8owjB6XZkyU?feature=oembed\" frameborder=\"0\" allow=\"accelerometer; autoplay; clipboard-write; encrypted-media; gyroscope; picture-in-picture; web-share\" referrerpolicy=\"strict-origin-when-cross-origin\" allowfullscreen><\/iframe><\/div>\n<\/div><\/figure>\n\n\n\n<div class=\"wp-block-uagb-container uagb-block-47ed23ef alignfull uagb-is-root-container\"><div class=\"uagb-container-inner-blocks-wrap\">\n<div class=\"wp-block-columns is-layout-flex wp-container-core-columns-is-layout-28f84493 wp-block-columns-is-layout-flex\">\n<div class=\"wp-block-column is-layout-flow wp-block-column-is-layout-flow\">\n<div class=\"wp-block-uagb-advanced-heading uagb-block-dc201110\"><h2 class=\"uagb-heading-text\">Drink your soup<\/h2><p class=\"uagb-desc-text\"><strong>The ultimate drinking game Poker-inspired !<\/strong><br>Keep the Soup King your ally<br>and watch out of the custom dice...<br><br>The goal is to get the best combinations of cards<br>to win all the chips from your opponents<br>and to give out sips.<br>Try to win with the special combinations.<\/p><\/div>\n<\/div>\n\n\n\n<div class=\"wp-block-column is-layout-flow wp-block-column-is-layout-flow\">\n<div class=\"wp-block-uagb-image uagb-block-6e5ced2a wp-block-uagb-image--layout-default wp-block-uagb-image--effect-static wp-block-uagb-image--align-center\"><figure class=\"wp-block-uagb-image__figure\"><img decoding=\"async\" srcset=\"https:\/\/festivgames.com\/wp-content\/uploads\/2020\/09\/image-produit-1-1024x1024.png \" src=\"https:\/\/festivgames.com\/wp-content\/uploads\/2020\/09\/image-produit-1-1024x1024.png\" alt=\"Drink Your Soup - Pochon\" class=\"uag-image-4087\" width=\"385\" height=\"346\" title=\"\" loading=\"lazy\"\/><\/figure><\/div>\n<\/div>\n<\/div>\n\n\n\n<div class=\"wp-block-buttons is-content-justification-center is-layout-flex wp-container-core-buttons-is-layout-a89b3969 wp-block-buttons-is-layout-flex\">\n<div class=\"wp-block-button\"><a class=\"wp-block-button__link wp-element-button\" href=\"https:\/\/festivgames.com\/en\/product\/drink-your-soup\/\">Buy it now<\/a><\/div>\n<\/div>\n<\/div><\/div>\n\n\n\n<p class=\"has-text-align-center\" style=\"font-size:17px;font-style:normal;font-weight:700\">Alcohol abuse is dangerous for your health, consume in moderation<\/p>\n\n\n\n<div class=\"wp-block-uagb-container uagb-block-ef3f996d alignfull uagb-is-root-container\"><div class=\"uagb-container-inner-blocks-wrap\">\n<div class=\"wp-block-uagb-image uagb-block-8ded2f8c wp-block-uagb-image--layout-default wp-block-uagb-image--effect-static wp-block-uagb-image--align-center\"><figure class=\"wp-block-uagb-image__figure\"><img decoding=\"async\" srcset=\"https:\/\/festivgames.com\/wp-content\/uploads\/2020\/09\/Drink-your-Soup-what-in-the-box-final.png \" src=\"https:\/\/festivgames.com\/wp-content\/uploads\/2020\/09\/Drink-your-Soup-what-in-the-box-final.png\" alt=\"Drink Your Soup - Explications Contenu du jeu\" class=\"uag-image-4094\" width=\"1080\" height=\"2779\" title=\"\" loading=\"lazy\"\/><\/figure><\/div>\n<\/div><\/div>","protected":false},"excerpt":{"rendered":"<p>Alcohol abuse is dangerous for your health, consume in moderation<\/p>","protected":false},"author":2,"featured_media":0,"parent":0,"menu_order":0,"comment_status":"closed","ping_status":"closed","template":"","meta":{"om_disable_all_campaigns":false,"_uag_custom_page_level_css":"","_monsterinsights_skip_tracking":false,"_monsterinsights_sitenote_active":false,"_monsterinsights_sitenote_note":"","_monsterinsights_sitenote_category":0,"site-sidebar-layout":"no-sidebar","site-content-layout":"plain-container","ast-global-header-display":"","ast-main-header-display":"","ast-hfb-above-header-display":"","ast-hfb-below-header-display":"","ast-hfb-mobile-header-display":"","site-post-title":"disabled","ast-breadcrumbs-content":"","ast-featured-img":"disabled","footer-sml-layout":"","theme-transparent-header-meta":"default","adv-header-id-meta":"","stick-header-meta":"","header-above-stick-meta":"","header-main-stick-meta":"","header-below-stick-meta":"","footnotes":""},"class_list":["post-3610","page","type-page","status-publish","hentry"],"yoast_head":"<!-- This site is optimized with the Yoast SEO plugin v19.13 - https:\/\/yoast.com\/wordpress\/plugins\/seo\/ -->\n<title>FestivGames - Drink Your Soup<\/title>\n<meta name=\"description\" content=\"Drink Your Soup - Le jeu \u00e0 boire ultime inspir\u00e9 du Poker ! Faites en sorte que le Roi de la Soupe soit votre alli\u00e9 et m\u00e9fiez-vous du d\u00e9 personnalis\u00e9...\" \/>\n<meta name=\"robots\" content=\"index, follow, max-snippet:-1, max-image-preview:large, max-video-preview:-1\" \/>\n<link rel=\"canonical\" href=\"https:\/\/festivgames.com\/en\/\" \/>\n<meta property=\"og:locale\" content=\"en_US\" \/>\n<meta property=\"og:type\" content=\"article\" \/>\n<meta property=\"og:title\" content=\"FestivGames - Drink Your Soup\" \/>\n<meta property=\"og:description\" content=\"Drink Your Soup - Le jeu \u00e0 boire ultime inspir\u00e9 du Poker ! Faites en sorte que le Roi de la Soupe soit votre alli\u00e9 et m\u00e9fiez-vous du d\u00e9 personnalis\u00e9...\" \/>\n<meta property=\"og:url\" content=\"https:\/\/festivgames.com\/en\/\" \/>\n<meta property=\"og:site_name\" content=\"FestivGames\" \/>\n<meta property=\"article:publisher\" content=\"https:\/\/www.facebook.com\/drinkyoursoupgame\" \/>\n<meta property=\"article:modified_time\" content=\"2024-08-31T21:08:47+00:00\" \/>\n<meta property=\"og:image\" content=\"https:\/\/festivgames.com\/wp-content\/uploads\/2022\/10\/COVER-DRINK-your-soup-pc.jpg\" \/>\n<meta name=\"twitter:card\" content=\"summary_large_image\" \/>\n<meta name=\"twitter:label1\" content=\"Est. reading time\" \/>\n\t<meta name=\"twitter:data1\" content=\"2 minutes\" \/>\n<script type=\"application\/ld+json\" class=\"yoast-schema-graph\">{\"@context\":\"https:\/\/schema.org\",\"@graph\":[{\"@type\":\"WebPage\",\"@id\":\"https:\/\/festivgames.com\/\",\"url\":\"https:\/\/festivgames.com\/\",\"name\":\"FestivGames - Drink Your Soup\",\"isPartOf\":{\"@id\":\"https:\/\/festivgames.com\/#website\"},\"datePublished\":\"2020-09-09T02:31:26+00:00\",\"dateModified\":\"2024-08-31T21:08:47+00:00\",\"description\":\"Drink Your Soup - Le jeu \u00e0 boire ultime inspir\u00e9 du Poker ! Faites en sorte que le Roi de la Soupe soit votre alli\u00e9 et m\u00e9fiez-vous du d\u00e9 personnalis\u00e9...\",\"breadcrumb\":{\"@id\":\"https:\/\/festivgames.com\/#breadcrumb\"},\"inLanguage\":\"en-US\",\"potentialAction\":[{\"@type\":\"ReadAction\",\"target\":[\"https:\/\/festivgames.com\/\"]}]},{\"@type\":\"BreadcrumbList\",\"@id\":\"https:\/\/festivgames.com\/#breadcrumb\",\"itemListElement\":[{\"@type\":\"ListItem\",\"position\":1,\"name\":\"Accueil\",\"item\":\"https:\/\/festivgames.com\/\"},{\"@type\":\"ListItem\",\"position\":2,\"name\":\"Accueil\"}]},{\"@type\":\"WebSite\",\"@id\":\"https:\/\/festivgames.com\/#website\",\"url\":\"https:\/\/festivgames.com\/\",\"name\":\"FestivGames\",\"description\":\"Drink Your Soup\",\"publisher\":{\"@id\":\"https:\/\/festivgames.com\/#organization\"},\"potentialAction\":[{\"@type\":\"SearchAction\",\"target\":{\"@type\":\"EntryPoint\",\"urlTemplate\":\"https:\/\/festivgames.com\/?s={search_term_string}\"},\"query-input\":\"required name=search_term_string\"}],\"inLanguage\":\"en-US\"},{\"@type\":\"Organization\",\"@id\":\"https:\/\/festivgames.com\/#organization\",\"name\":\"FestivGames\",\"url\":\"https:\/\/festivgames.com\/\",\"logo\":{\"@type\":\"ImageObject\",\"inLanguage\":\"en-US\",\"@id\":\"https:\/\/festivgames.com\/#\/schema\/logo\/image\/\",\"url\":\"https:\/\/festivgames.com\/wp-content\/uploads\/2022\/10\/Festiv-games-final-3.png\",\"contentUrl\":\"https:\/\/festivgames.com\/wp-content\/uploads\/2022\/10\/Festiv-games-final-3.png\",\"width\":491,\"height\":132,\"caption\":\"FestivGames\"},\"image\":{\"@id\":\"https:\/\/festivgames.com\/#\/schema\/logo\/image\/\"},\"sameAs\":[\"https:\/\/www.instagram.com\/drinkyoursoupgame\/\",\"https:\/\/www.facebook.com\/drinkyoursoupgame\"]}]}<\/script>\n<!-- \/ Yoast SEO plugin. -->","yoast_head_json":{"title":"FestivGames - Drink Your Soup","description":"Drink Your Soup - Le jeu \u00e0 boire ultime inspir\u00e9 du Poker ! Faites en sorte que le Roi de la Soupe soit votre alli\u00e9 et m\u00e9fiez-vous du d\u00e9 personnalis\u00e9...","robots":{"index":"index","follow":"follow","max-snippet":"max-snippet:-1","max-image-preview":"max-image-preview:large","max-video-preview":"max-video-preview:-1"},"canonical":"https:\/\/festivgames.com\/en\/","og_locale":"en_US","og_type":"article","og_title":"FestivGames - Drink Your Soup","og_description":"Drink Your Soup - Le jeu \u00e0 boire ultime inspir\u00e9 du Poker ! Faites en sorte que le Roi de la Soupe soit votre alli\u00e9 et m\u00e9fiez-vous du d\u00e9 personnalis\u00e9...","og_url":"https:\/\/festivgames.com\/en\/","og_site_name":"FestivGames","article_publisher":"https:\/\/www.facebook.com\/drinkyoursoupgame","article_modified_time":"2024-08-31T21:08:47+00:00","og_image":[{"url":"https:\/\/festivgames.com\/wp-content\/uploads\/2022\/10\/COVER-DRINK-your-soup-pc.jpg"}],"twitter_card":"summary_large_image","twitter_misc":{"Est. reading time":"2 minutes"},"schema":{"@context":"https:\/\/schema.org","@graph":[{"@type":"WebPage","@id":"https:\/\/festivgames.com\/","url":"https:\/\/festivgames.com\/","name":"FestivGames - Drink Your Soup","isPartOf":{"@id":"https:\/\/festivgames.com\/#website"},"datePublished":"2020-09-09T02:31:26+00:00","dateModified":"2024-08-31T21:08:47+00:00","description":"Drink Your Soup - Le jeu \u00e0 boire ultime inspir\u00e9 du Poker ! Faites en sorte que le Roi de la Soupe soit votre alli\u00e9 et m\u00e9fiez-vous du d\u00e9 personnalis\u00e9...","breadcrumb":{"@id":"https:\/\/festivgames.com\/#breadcrumb"},"inLanguage":"en-US","potentialAction":[{"@type":"ReadAction","target":["https:\/\/festivgames.com\/"]}]},{"@type":"BreadcrumbList","@id":"https:\/\/festivgames.com\/#breadcrumb","itemListElement":[{"@type":"ListItem","position":1,"name":"Accueil","item":"https:\/\/festivgames.com\/"},{"@type":"ListItem","position":2,"name":"Accueil"}]},{"@type":"WebSite","@id":"https:\/\/festivgames.com\/#website","url":"https:\/\/festivgames.com\/","name":"FestivGames","description":"Drink Your Soup","publisher":{"@id":"https:\/\/festivgames.com\/#organization"},"potentialAction":[{"@type":"SearchAction","target":{"@type":"EntryPoint","urlTemplate":"https:\/\/festivgames.com\/?s={search_term_string}"},"query-input":"required name=search_term_string"}],"inLanguage":"en-US"},{"@type":"Organization","@id":"https:\/\/festivgames.com\/#organization","name":"FestivGames","url":"https:\/\/festivgames.com\/","logo":{"@type":"ImageObject","inLanguage":"en-US","@id":"https:\/\/festivgames.com\/#\/schema\/logo\/image\/","url":"https:\/\/festivgames.com\/wp-content\/uploads\/2022\/10\/Festiv-games-final-3.png","contentUrl":"https:\/\/festivgames.com\/wp-content\/uploads\/2022\/10\/Festiv-games-final-3.png","width":491,"height":132,"caption":"FestivGames"},"image":{"@id":"https:\/\/festivgames.com\/#\/schema\/logo\/image\/"},"sameAs":["https:\/\/www.instagram.com\/drinkyoursoupgame\/","https:\/\/www.facebook.com\/drinkyoursoupgame"]}]}},"uagb_featured_image_src":{"full":false,"thumbnail":false,"medium":false,"medium_large":false,"large":false,"1536x1536":false,"2048x2048":false,"trp-custom-language-flag":false,"woocommerce_thumbnail":false,"woocommerce_single":false,"woocommerce_gallery_thumbnail":false},"uagb_author_info":{"display_name":"Cl\u00e9ment GASPARD","author_link":"https:\/\/festivgames.com\/en\/author\/clement-gaspard\/"},"uagb_comment_info":0,"uagb_excerpt":"L&rsquo;abus d&rsquo;alcool est dangereux pour la sant\u00e9, \u00e0 consommer avec mod\u00e9ration","_links":{"self":[{"href":"https:\/\/festivgames.com\/en\/wp-json\/wp\/v2\/pages\/3610","targetHints":{"allow":["GET"]}}],"collection":[{"href":"https:\/\/festivgames.com\/en\/wp-json\/wp\/v2\/pages"}],"about":[{"href":"https:\/\/festivgames.com\/en\/wp-json\/wp\/v2\/types\/page"}],"author":[{"embeddable":true,"href":"https:\/\/festivgames.com\/en\/wp-json\/wp\/v2\/users\/2"}],"replies":[{"embeddable":true,"href":"https:\/\/festivgames.com\/en\/wp-json\/wp\/v2\/comments?post=3610"}],"version-history":[{"count":45,"href":"https:\/\/festivgames.com\/en\/wp-json\/wp\/v2\/pages\/3610\/revisions"}],"predecessor-version":[{"id":4226,"href":"https:\/\/festivgames.com\/en\/wp-json\/wp\/v2\/pages\/3610\/revisions\/4226"}],"wp:attachment":[{"href":"https:\/\/festivgames.com\/en\/wp-json\/wp\/v2\/media?parent=3610"}],"curies":[{"name":"wp","href":"https:\/\/api.w.org\/{rel}","templated":true}]}}